{"id":9,"date":"2015-02-04T06:56:59","date_gmt":"2015-02-04T05:56:59","guid":{"rendered":"http:\/\/xn--httrzene-8ya6f.hu\/site\/?page_id=9"},"modified":"2017-04-04T22:22:25","modified_gmt":"2017-04-04T20:22:25","slug":"kapcsolat","status":"publish","type":"page","link":"https:\/\/xn--httrzene-8ya6f.hu\/site\/kapcsolat\/","title":{"rendered":"Kapcsolat"},"content":{"rendered":"<p><span style=\"font-family: helvetica; font-size: 14pt;\">MUSIC REKL\u00c1MST\u00daDI\u00d3 Rekl\u00e1mgy\u00e1rt\u00f3, Kereskedelmi \u00e9s Szolg\u00e1ltat\u00f3 Egy\u00e9ni C\u00e9g<\/span><\/p>\n<p><span style=\"font-family: helvetica; font-size: 14pt;\">E-mail: <a href=\"https:\/\/h\u00e1tt\u00e9rzene.hu\/site\/uzenetkuldes\/\">info@h\u00e1tt\u00e9rzene.hu<\/a><\/span><\/p>\n<p><span style=\"font-family: helvetica; font-size: 14pt;\">Tel: 06 66\/444 510, +36 20\/957 94 94<\/span><\/p>\n<p><span style=\"font-family: helvetica; font-size: 14pt;\">Cg: 04-11-001698<\/span><\/p>\n","protected":false},"excerpt":{"rendered":"<p>MUSIC REKL\u00c1MST\u00daDI\u00d3 Rekl\u00e1mgy\u00e1rt\u00f3, Kereskedelmi \u00e9s Szolg\u00e1ltat\u00f3 Egy\u00e9ni C\u00e9g E-mail: info@h\u00e1tt\u00e9rzene.hu Tel: 06 66\/444 510, +36 20\/957 94 94 Cg: 04-11-001698<\/p>\n","protected":false},"author":1,"featured_media":0,"parent":0,"menu_order":1,"comment_status":"closed","ping_status":"closed","template":"","meta":{"ngg_post_thumbnail":0,"footnotes":""},"class_list":["post-9","page","type-page","status-publish","hentry"],"_links":{"self":[{"href":"https:\/\/xn--httrzene-8ya6f.hu\/site\/wp-json\/wp\/v2\/pages\/9","targetHints":{"allow":["GET"]}}],"collection":[{"href":"https:\/\/xn--httrzene-8ya6f.hu\/site\/wp-json\/wp\/v2\/pages"}],"about":[{"href":"https:\/\/xn--httrzene-8ya6f.hu\/site\/wp-json\/wp\/v2\/types\/page"}],"author":[{"embeddable":true,"href":"https:\/\/xn--httrzene-8ya6f.hu\/site\/wp-json\/wp\/v2\/users\/1"}],"replies":[{"embeddable":true,"href":"https:\/\/xn--httrzene-8ya6f.hu\/site\/wp-json\/wp\/v2\/comments?post=9"}],"version-history":[{"count":4,"href":"https:\/\/xn--httrzene-8ya6f.hu\/site\/wp-json\/wp\/v2\/pages\/9\/revisions"}],"predecessor-version":[{"id":84,"href":"https:\/\/xn--httrzene-8ya6f.hu\/site\/wp-json\/wp\/v2\/pages\/9\/revisions\/84"}],"wp:attachment":[{"href":"https:\/\/xn--httrzene-8ya6f.hu\/site\/wp-json\/wp\/v2\/media?parent=9"}],"curies":[{"name":"wp","href":"https:\/\/api.w.org\/{rel}","templated":true}]}}